{"id":3643,"date":"2021-08-04T13:43:19","date_gmt":"2021-08-04T11:43:19","guid":{"rendered":"https:\/\/lefrancparler.com\/mentions-legales\/"},"modified":"2021-10-14T11:27:25","modified_gmt":"2021-10-14T09:27:25","slug":"mentions-legales","status":"publish","type":"page","link":"https:\/\/lefrancparler.com\/it\/mentions-legales\/","title":{"rendered":"Mentions l\u00e9gales"},"content":{"rendered":"<p><div class=\"fusion-fullwidth fullwidth-box fusion-builder-row-1 fusion-flex-container nonhundred-percent-fullwidth non-hundred-percent-height-scrolling\" style=\"--awb-border-radius-top-left:0px;--awb-border-radius-top-right:0px;--awb-border-radius-bottom-right:0px;--awb-border-radius-bottom-left:0px;--awb-flex-wrap:wrap;\" ><div class=\"fusion-builder-row fusion-row fusion-flex-align-items-flex-start fusion-flex-content-wrap\" style=\"max-width:1144px;margin-left: calc(-4% \/ 2 );margin-right: calc(-4% \/ 2 );\"><div class=\"fusion-layout-column fusion_builder_column fusion-builder-column-0 fusion_builder_column_1_1 1_1 fusion-flex-column\" style=\"--awb-bg-size:cover;--awb-width-large:100%;--awb-margin-top-large:0px;--awb-spacing-right-large:1.92%;--awb-margin-bottom-large:10px;--awb-spacing-left-large:1.92%;--awb-width-medium:100%;--awb-order-medium:0;--awb-spacing-right-medium:1.92%;--awb-spacing-left-medium:1.92%;--awb-width-small:100%;--awb-order-small:0;--awb-spacing-right-small:1.92%;--awb-spacing-left-small:1.92%;\"><div class=\"fusion-column-wrapper fusion-column-has-shadow fusion-flex-justify-content-flex-start fusion-content-layout-column\"><div class=\"fusion-text fusion-text-1\"><h1>Mentions l\u00e9gales<\/h1>\n<div>\n<p><strong>lefrancparler.com<\/strong> est un site \u00e9dit\u00e9 par <span tabindex=\"-1\" role=\"gridcell\" translate=\"no\">Pascale Martorello.<\/span><\/p>\n<p>Tout le contenu \u00e9crit est la propri\u00e9t\u00e9 de lefrancparler.com \u2013 tous droits r\u00e9serv\u00e9s.<\/p>\n<p>Pour toute r\u00e9clamation concernant ce site et \/ou son contenu : contact@lefrancparler.com<\/p>\n<\/div>\n<h2>H\u00c9BERGEUR DU SITE<\/h2>\n<div>\n<p>OVH<\/p>\n<p>SAS au capital de 10 059 500 \u20ac<\/p>\n<p>RCS Lille M\u00e9tropole 424 761 419 00045<\/p>\n<p>Code APE 6202A<\/p>\n<p>N\u00b0 TVA : FR 22 424 761 419<\/p>\n<p>Si\u00e8ge social : 2 rue Kellermann \u2013 59100 Roubaix \u2013 France.<\/p>\n<p>Directeur de la publication : Octave KLABA<\/p>\n<\/div>\n<h3><\/h3>\n<h3>R\u00e9alisation du site d&#8217;Internet<\/h3>\n<div>\n<p>Betamodus GmbH<br \/>\nB\u00e4ckergasse 10A<br \/>\n86150 Augsburg<\/p>\n<p>web: <a href=\"https:\/\/www.betamodus.de\/\" target=\"_blank\" rel=\"noopener\">https:\/\/www.betamodus.de\/<\/a><br \/>\nmail: service[at]betamodus.de<\/p>\n<\/div>\n<h3><\/h3>\n<h3>Cr\u00e9dit photographique<\/h3>\n<div>Pexels<br \/>\nPatrick Modiano: Frankie Fouganthin, CC BY-SA 4.0 &lt;<a href=\"https:\/\/creativecommons.org\/licenses\/by-sa\/4.0\">https:\/\/creativecommons.org\/licenses\/by-sa\/4.0<\/a>&gt;, via Wikimedia Commons<\/div>\n<\/div><\/div><\/div><\/div><\/div><div class=\"fusion-fullwidth fullwidth-box fusion-builder-row-2 fusion-flex-container nonhundred-percent-fullwidth non-hundred-percent-height-scrolling\" style=\"--awb-border-radius-top-left:0px;--awb-border-radius-top-right:0px;--awb-border-radius-bottom-right:0px;--awb-border-radius-bottom-left:0px;--awb-flex-wrap:wrap;\" ><div class=\"fusion-builder-row fusion-row fusion-flex-align-items-flex-start fusion-flex-content-wrap\" style=\"max-width:1144px;margin-left: calc(-4% \/ 2 );margin-right: calc(-4% \/ 2 );\"><div class=\"fusion-layout-column fusion_builder_column fusion-builder-column-1 fusion_builder_column_1_1 1_1 fusion-flex-column\" style=\"--awb-bg-size:cover;--awb-width-large:100%;--awb-margin-top-large:0px;--awb-spacing-right-large:1.92%;--awb-margin-bottom-large:0px;--awb-spacing-left-large:1.92%;--awb-width-medium:100%;--awb-spacing-right-medium:1.92%;--awb-spacing-left-medium:1.92%;--awb-width-small:100%;--awb-spacing-right-small:1.92%;--awb-spacing-left-small:1.92%;\"><div class=\"fusion-column-wrapper fusion-flex-justify-content-flex-start fusion-content-layout-column\"><div class=\"fusion-text fusion-text-2\"><\/div><\/div><\/div><\/div><\/div><\/p>\n","protected":false},"excerpt":{"rendered":"","protected":false},"author":2,"featured_media":0,"parent":0,"menu_order":0,"comment_status":"closed","ping_status":"closed","template":"","meta":{"footnotes":""},"class_list":["post-3643","page","type-page","status-publish","hentry"],"_links":{"self":[{"href":"https:\/\/lefrancparler.com\/it\/wp-json\/wp\/v2\/pages\/3643","targetHints":{"allow":["GET"]}}],"collection":[{"href":"https:\/\/lefrancparler.com\/it\/wp-json\/wp\/v2\/pages"}],"about":[{"href":"https:\/\/lefrancparler.com\/it\/wp-json\/wp\/v2\/types\/page"}],"author":[{"embeddable":true,"href":"https:\/\/lefrancparler.com\/it\/wp-json\/wp\/v2\/users\/2"}],"replies":[{"embeddable":true,"href":"https:\/\/lefrancparler.com\/it\/wp-json\/wp\/v2\/comments?post=3643"}],"version-history":[{"count":6,"href":"https:\/\/lefrancparler.com\/it\/wp-json\/wp\/v2\/pages\/3643\/revisions"}],"predecessor-version":[{"id":3983,"href":"https:\/\/lefrancparler.com\/it\/wp-json\/wp\/v2\/pages\/3643\/revisions\/3983"}],"wp:attachment":[{"href":"https:\/\/lefrancparler.com\/it\/wp-json\/wp\/v2\/media?parent=3643"}],"curies":[{"name":"wp","href":"https:\/\/api.w.org\/{rel}","templated":true}]}}